{"id":378,"date":"2025-10-01T04:56:45","date_gmt":"2025-10-01T02:56:45","guid":{"rendered":"https:\/\/gablergroupdev.wpenginepowered.com\/?page_id=378"},"modified":"2026-02-26T11:22:01","modified_gmt":"2026-02-26T10:22:01","slug":"impressum","status":"publish","type":"page","link":"https:\/\/gablergroup.com\/de\/impressum\/","title":{"rendered":"Impressum"},"content":{"rendered":"\n<p><strong>Gabler Group AG<\/strong><br>Niels-Bohr-Ring 5a<br>D-23568 L\u00fcbeck, Germany<br>Telefon: +49 (0) 451 31 09 -0<br>Telefax: +49 (0) 451 31 09 -100<br>E-Mail:&nbsp;<a href=\"mailto:info@gabler-naval.com\">i<\/a><a href=\"mailto:nfo@gablergroup.com\">nfo@gablergroup.com<\/a><br>Internet:&nbsp;<a href=\"https:\/\/www.gabler-naval.com\/\">www.gablergroup.com<\/a><\/p>\n\n\n\n<p><strong><strong>Vorstand<\/strong>:<\/strong><br>David Schirm \/ Ole Johannsen<\/p>\n\n\n\n<p><strong>Handelsregister<\/strong>:<br>Amtsgericht L\u00fcbeck, HRB 27196 HL<\/p>\n\n\n\n<p><strong>Sitz der Gesellschaft<\/strong>:<br>L\u00fcbeck, USt-IdNr.: DE&nbsp;135082730<\/p>\n\n\n\n<p><strong>Copyright<\/strong><br>\u00a9 Gabler Group AG<\/p>\n\n\n\n<p>Die Wortmarke der Gabler Group AG sind als gesch\u00fctzte Marke registriert.<\/p>\n\n\n\n<p>Inhalt und Aufbau unserer Website sind urheberrechtlich gesch\u00fctzt. Die Vervielf\u00e4ltigung von Informationen oder Daten, insbesondere die Verwendung von Texten, Textteilen oder Bildmaterial, die Bearbeitung, Verbreitung oder sonstige Verwendung bed\u00fcrfen der vorherigen schriftlichen Zustimmung des jeweiligen Unternehmens.<\/p>\n\n\n\n<p>Die auf dem Server verf\u00fcgbaren Dokumente und dazugeh\u00f6rige Grafiken d\u00fcrfen ausschlie\u00dflich zu Informationszwecken f\u00fcr den eigenen, nicht kommerziellen Gebrauch verwendet (gelesen, gespeichert, gedruckt oder anderweitig vervielf\u00e4ltigt) werden.<\/p>\n\n\n\n<p><strong>Urheberrecht<\/strong><br>Inhalt und Aufbau dieser Seiten sind urheberrechtlich gesch\u00fctzt. Beitr\u00e4ge Dritter sind als solche gekennzeichnet. Die auf dem Server verf\u00fcgbaren Dokumente und Grafiken d\u00fcrfen ausschlie\u00dflich zu Informationszwecken f\u00fcr den eigenen nicht kommerziellen Gebrauch verwendet (gelesen, gespeichert, gedruckt oder anderweitig vervielf\u00e4ltigt) werden. Jede weitergehende Vervielf\u00e4ltigung von Informationen oder Daten, insbesondere die Vervielf\u00e4ltigung von Texten, Textteilen oder Bildmaterial, die Bearbeitung, Verbreitung oder sonstige Verwendung bed\u00fcrfen der vorherigen schriftlichen Zustimmung des jeweiligen Unternehmens.<\/p>\n\n\n\n<p><strong>Haftung<\/strong><br>Die Inhalte dieser Seite wurden mit gr\u00f6\u00dfter Sorgfalt erstellt. F\u00fcr die Richtigkeit, Vollst\u00e4ndigkeit und Aktualit\u00e4t kann jedoch keine Gew\u00e4hr \u00fcbernommen werden.<br>Die Herausgeber dieser Seiten, die Gabler Group AG , haftet nicht f\u00fcr direkte oder indirekte Sch\u00e4den&nbsp;einschlie\u00dflich entgangenen Gewinns, die mit der Nutzung des Informations- und Funktionsangebots dieser Website in Verbindung gebracht werden k\u00f6nnen.<br>Die Verpflichtung zum Entfernen oder Sperren von Informationen nach den allgemeinen Gesetzen bleibt hiervon unber\u00fchrt. Eine diesbez\u00fcgliche Haftung ist jedoch erst ab dem Zeitpunkt der Kenntnis einer konkreten Rechtsverletzung m\u00f6glich. Bei Bekanntwerden von entsprechenden Rechtsverletzungen werden wir diese Inhalte umgehend entfernen.<\/p>\n\n\n\n<p><strong>Haftung f\u00fcr Links<\/strong><br>Unser Angebot enth\u00e4lt Links zu externen Webseiten Dritter, auf deren Inhalte wir keinen Einfluss haben. Deshalb k\u00f6nnen wir f\u00fcr diese fremden Inhalte auch keine Gew\u00e4hr \u00fcbernehmen. F\u00fcr die Inhalte der verlinkten Seiten ist stets der jeweilige Anbieter oder Betreiber der Seiten verantwortlich. Deshalb sind externe Links als solche gekennzeichnet.<br>Die verlinkten Seiten wurden zum Zeitpunkt der Verlinkung auf m\u00f6gliche Rechtsverst\u00f6\u00dfe \u00fcberpr\u00fcft. Rechtswidrige Inhalte waren zum Zeitpunkt der Verlinkung nicht erkennbar. Eine permanente inhaltliche Kontrolle der verlinkten Seiten ist jedoch ohne konkrete Anhaltspunkte einer Rechtsverletzung nicht zumutbar. Bei Bekanntwerden von Rechtsverletzungen werden wir derartige Links umgehend entfernen.<\/p>\n","protected":false},"excerpt":{"rendered":"<p>Gabler Group AGNiels-Bohr-Ring 5aD-23568 L\u00fcbeck, GermanyTelefon: +49 (0) 451 31 09 -0Telefax: +49 (0) 451 31 09 -100E-Mail:&nbsp;info@gablergroup.comInternet:&nbsp;www.gablergroup.com Vorstand:David Schirm \/ Ole Johannsen Handelsregister:Amtsgericht L\u00fcbeck, HRB 27196 HL Sitz der Gesellschaft:L\u00fcbeck, USt-IdNr.: DE&nbsp;135082730 Copyright\u00a9 Gabler Group AG Die Wortmarke der Gabler Group AG sind als gesch\u00fctzte Marke registriert. Inhalt und Aufbau unserer Website sind urheberrechtlich [&hellip;]<\/p>\n","protected":false},"author":4,"featured_media":0,"parent":0,"menu_order":0,"comment_status":"closed","ping_status":"closed","template":"page-templates\/custom-template.php","meta":{"_acf_changed":false,"inline_featured_image":false,"footnotes":""},"class_list":["post-378","page","type-page","status-publish","hentry"],"acf":[],"yoast_head":"<!-- This site is optimized with the Yoast SEO plugin v27.3 - https:\/\/yoast.com\/product\/yoast-seo-wordpress\/ -->\n<title>Impressum - Gabler Group AG<\/title>\n<meta name=\"robots\" content=\"index, follow, max-snippet:-1, max-image-preview:large, max-video-preview:-1\" \/>\n<link rel=\"canonical\" href=\"https:\/\/gablergroup.com\/de\/impressum\/\" \/>\n<meta property=\"og:locale\" content=\"de_DE\" \/>\n<meta property=\"og:type\" content=\"article\" \/>\n<meta property=\"og:title\" content=\"Impressum - Gabler Group AG\" \/>\n<meta property=\"og:description\" content=\"Gabler Group AGNiels-Bohr-Ring 5aD-23568 L\u00fcbeck, GermanyTelefon: +49 (0) 451 31 09 -0Telefax: +49 (0) 451 31 09 -100E-Mail:&nbsp;info@gablergroup.comInternet:&nbsp;www.gablergroup.com Vorstand:David Schirm \/ Ole Johannsen Handelsregister:Amtsgericht L\u00fcbeck, HRB 27196 HL Sitz der Gesellschaft:L\u00fcbeck, USt-IdNr.: DE&nbsp;135082730 Copyright\u00a9 Gabler Group AG Die Wortmarke der Gabler Group AG sind als gesch\u00fctzte Marke registriert. Inhalt und Aufbau unserer Website sind urheberrechtlich [&hellip;]\" \/>\n<meta property=\"og:url\" content=\"https:\/\/gablergroup.com\/de\/impressum\/\" \/>\n<meta property=\"og:site_name\" content=\"Gabler Group AG\" \/>\n<meta property=\"article:modified_time\" content=\"2026-02-26T10:22:01+00:00\" \/>\n<meta property=\"og:image\" content=\"https:\/\/gablergroup.com\/wp-content\/uploads\/2026\/01\/safeimagekit-Screenshot-at-Jan-30-12-33-33.webp\" \/>\n\t<meta property=\"og:image:width\" content=\"1200\" \/>\n\t<meta property=\"og:image:height\" content=\"675\" \/>\n\t<meta property=\"og:image:type\" content=\"image\/webp\" \/>\n<meta name=\"twitter:card\" content=\"summary_large_image\" \/>\n<meta name=\"twitter:label1\" content=\"Gesch\u00e4tzte Lesezeit\" \/>\n\t<meta name=\"twitter:data1\" content=\"2\u00a0Minuten\" \/>\n<script type=\"application\/ld+json\" class=\"yoast-schema-graph\">{\"@context\":\"https:\\\/\\\/schema.org\",\"@graph\":[{\"@type\":\"WebPage\",\"@id\":\"https:\\\/\\\/gablergroup.com\\\/de\\\/impressum\\\/\",\"url\":\"https:\\\/\\\/gablergroup.com\\\/de\\\/impressum\\\/\",\"name\":\"Impressum - Gabler Group AG\",\"isPartOf\":{\"@id\":\"https:\\\/\\\/gablergroup.com\\\/de\\\/#website\"},\"datePublished\":\"2025-10-01T02:56:45+00:00\",\"dateModified\":\"2026-02-26T10:22:01+00:00\",\"breadcrumb\":{\"@id\":\"https:\\\/\\\/gablergroup.com\\\/de\\\/impressum\\\/#breadcrumb\"},\"inLanguage\":\"de\",\"potentialAction\":[{\"@type\":\"ReadAction\",\"target\":[\"https:\\\/\\\/gablergroup.com\\\/de\\\/impressum\\\/\"]}]},{\"@type\":\"BreadcrumbList\",\"@id\":\"https:\\\/\\\/gablergroup.com\\\/de\\\/impressum\\\/#breadcrumb\",\"itemListElement\":[{\"@type\":\"ListItem\",\"position\":1,\"name\":\"Home\",\"item\":\"https:\\\/\\\/gablergroup.com\\\/de\\\/\"},{\"@type\":\"ListItem\",\"position\":2,\"name\":\"Impressum\"}]},{\"@type\":\"WebSite\",\"@id\":\"https:\\\/\\\/gablergroup.com\\\/de\\\/#website\",\"url\":\"https:\\\/\\\/gablergroup.com\\\/de\\\/\",\"name\":\"Gabler Group\",\"description\":\"Oceans of possibility\",\"publisher\":{\"@id\":\"https:\\\/\\\/gablergroup.com\\\/de\\\/#organization\"},\"potentialAction\":[{\"@type\":\"SearchAction\",\"target\":{\"@type\":\"EntryPoint\",\"urlTemplate\":\"https:\\\/\\\/gablergroup.com\\\/de\\\/?s={search_term_string}\"},\"query-input\":{\"@type\":\"PropertyValueSpecification\",\"valueRequired\":true,\"valueName\":\"search_term_string\"}}],\"inLanguage\":\"de\"},{\"@type\":\"Organization\",\"@id\":\"https:\\\/\\\/gablergroup.com\\\/de\\\/#organization\",\"name\":\"Gabler Group\",\"url\":\"https:\\\/\\\/gablergroup.com\\\/de\\\/\",\"logo\":{\"@type\":\"ImageObject\",\"inLanguage\":\"de\",\"@id\":\"https:\\\/\\\/gablergroup.com\\\/de\\\/#\\\/schema\\\/logo\\\/image\\\/\",\"url\":\"https:\\\/\\\/gablergroup.com\\\/wp-content\\\/uploads\\\/2025\\\/10\\\/gabler_group_logo_full_color_rgb-1.svg\",\"contentUrl\":\"https:\\\/\\\/gablergroup.com\\\/wp-content\\\/uploads\\\/2025\\\/10\\\/gabler_group_logo_full_color_rgb-1.svg\",\"width\":234,\"height\":34,\"caption\":\"Gabler Group\"},\"image\":{\"@id\":\"https:\\\/\\\/gablergroup.com\\\/de\\\/#\\\/schema\\\/logo\\\/image\\\/\"},\"sameAs\":[\"https:\\\/\\\/www.linkedin.com\\\/company\\\/gabler-group\\\/?viewAsMember=true\"]}]}<\/script>\n<!-- \/ Yoast SEO plugin. -->","yoast_head_json":{"title":"Impressum - Gabler Group AG","robots":{"index":"index","follow":"follow","max-snippet":"max-snippet:-1","max-image-preview":"max-image-preview:large","max-video-preview":"max-video-preview:-1"},"canonical":"https:\/\/gablergroup.com\/de\/impressum\/","og_locale":"de_DE","og_type":"article","og_title":"Impressum - Gabler Group AG","og_description":"Gabler Group AGNiels-Bohr-Ring 5aD-23568 L\u00fcbeck, GermanyTelefon: +49 (0) 451 31 09 -0Telefax: +49 (0) 451 31 09 -100E-Mail:&nbsp;info@gablergroup.comInternet:&nbsp;www.gablergroup.com Vorstand:David Schirm \/ Ole Johannsen Handelsregister:Amtsgericht L\u00fcbeck, HRB 27196 HL Sitz der Gesellschaft:L\u00fcbeck, USt-IdNr.: DE&nbsp;135082730 Copyright\u00a9 Gabler Group AG Die Wortmarke der Gabler Group AG sind als gesch\u00fctzte Marke registriert. Inhalt und Aufbau unserer Website sind urheberrechtlich [&hellip;]","og_url":"https:\/\/gablergroup.com\/de\/impressum\/","og_site_name":"Gabler Group AG","article_modified_time":"2026-02-26T10:22:01+00:00","og_image":[{"width":1200,"height":675,"url":"https:\/\/gablergroup.com\/wp-content\/uploads\/2026\/01\/safeimagekit-Screenshot-at-Jan-30-12-33-33.webp","type":"image\/webp"}],"twitter_card":"summary_large_image","twitter_misc":{"Gesch\u00e4tzte Lesezeit":"2\u00a0Minuten"},"schema":{"@context":"https:\/\/schema.org","@graph":[{"@type":"WebPage","@id":"https:\/\/gablergroup.com\/de\/impressum\/","url":"https:\/\/gablergroup.com\/de\/impressum\/","name":"Impressum - Gabler Group AG","isPartOf":{"@id":"https:\/\/gablergroup.com\/de\/#website"},"datePublished":"2025-10-01T02:56:45+00:00","dateModified":"2026-02-26T10:22:01+00:00","breadcrumb":{"@id":"https:\/\/gablergroup.com\/de\/impressum\/#breadcrumb"},"inLanguage":"de","potentialAction":[{"@type":"ReadAction","target":["https:\/\/gablergroup.com\/de\/impressum\/"]}]},{"@type":"BreadcrumbList","@id":"https:\/\/gablergroup.com\/de\/impressum\/#breadcrumb","itemListElement":[{"@type":"ListItem","position":1,"name":"Home","item":"https:\/\/gablergroup.com\/de\/"},{"@type":"ListItem","position":2,"name":"Impressum"}]},{"@type":"WebSite","@id":"https:\/\/gablergroup.com\/de\/#website","url":"https:\/\/gablergroup.com\/de\/","name":"Gabler Group","description":"Oceans of possibility","publisher":{"@id":"https:\/\/gablergroup.com\/de\/#organization"},"potentialAction":[{"@type":"SearchAction","target":{"@type":"EntryPoint","urlTemplate":"https:\/\/gablergroup.com\/de\/?s={search_term_string}"},"query-input":{"@type":"PropertyValueSpecification","valueRequired":true,"valueName":"search_term_string"}}],"inLanguage":"de"},{"@type":"Organization","@id":"https:\/\/gablergroup.com\/de\/#organization","name":"Gabler Group","url":"https:\/\/gablergroup.com\/de\/","logo":{"@type":"ImageObject","inLanguage":"de","@id":"https:\/\/gablergroup.com\/de\/#\/schema\/logo\/image\/","url":"https:\/\/gablergroup.com\/wp-content\/uploads\/2025\/10\/gabler_group_logo_full_color_rgb-1.svg","contentUrl":"https:\/\/gablergroup.com\/wp-content\/uploads\/2025\/10\/gabler_group_logo_full_color_rgb-1.svg","width":234,"height":34,"caption":"Gabler Group"},"image":{"@id":"https:\/\/gablergroup.com\/de\/#\/schema\/logo\/image\/"},"sameAs":["https:\/\/www.linkedin.com\/company\/gabler-group\/?viewAsMember=true"]}]}},"_links":{"self":[{"href":"https:\/\/gablergroup.com\/de\/wp-json\/wp\/v2\/pages\/378","targetHints":{"allow":["GET"]}}],"collection":[{"href":"https:\/\/gablergroup.com\/de\/wp-json\/wp\/v2\/pages"}],"about":[{"href":"https:\/\/gablergroup.com\/de\/wp-json\/wp\/v2\/types\/page"}],"author":[{"embeddable":true,"href":"https:\/\/gablergroup.com\/de\/wp-json\/wp\/v2\/users\/4"}],"replies":[{"embeddable":true,"href":"https:\/\/gablergroup.com\/de\/wp-json\/wp\/v2\/comments?post=378"}],"version-history":[{"count":0,"href":"https:\/\/gablergroup.com\/de\/wp-json\/wp\/v2\/pages\/378\/revisions"}],"wp:attachment":[{"href":"https:\/\/gablergroup.com\/de\/wp-json\/wp\/v2\/media?parent=378"}],"curies":[{"name":"wp","href":"https:\/\/api.w.org\/{rel}","templated":true}]}}